{"id":373,"date":"2023-05-07T19:06:56","date_gmt":"2023-05-07T19:06:56","guid":{"rendered":"http:\/\/plataformatrans.es\/?page_id=373"},"modified":"2025-11-17T11:41:51","modified_gmt":"2025-11-17T09:41:51","slug":"obras-artisticas-culturales","status":"publish","type":"page","link":"https:\/\/plataformatrans.es\/index.php\/obras-artisticas-culturales\/","title":{"rendered":"Obras art\u00edsticas y culturales &#8211; Plataforma Trans"},"content":{"rendered":"<h2>Obras art\u00edsticas y culturales &#8211; Plataforma Trans<\/h2>\n<p>&nbsp;<\/p>\n<p><img loading=\"lazy\" decoding=\"async\" class=\"alignleft wp-image-2732\" src=\"https:\/\/plataformatrans.es\/wp-content\/uploads\/2025\/11\/logo-PT-blanco-fondo-transp-x1.png\" alt=\"\" width=\"250\" height=\"156\" srcset=\"https:\/\/plataformatrans.es\/wp-content\/uploads\/2025\/11\/logo-PT-blanco-fondo-transp-x1.png 618w, https:\/\/plataformatrans.es\/wp-content\/uploads\/2025\/11\/logo-PT-blanco-fondo-transp-x1-300x187.png 300w\" sizes=\"auto, (max-width: 250px) 100vw, 250px\" \/>En la Federaci\u00f3n Plataforma Trans, a trav\u00e9s de exposiciones art\u00edsticas y otros eventos culturales trabajamos para la visibilizaci\u00f3n del colectivo trans, as\u00ed como para la concienciaci\u00f3n sobre los Derechos Trans, que son Derechos Humanos.<\/p>\n<p>Aqu\u00ed iremos a\u00f1adiendo nuestras exposiciones y otras obras art\u00edsticas y culturales:<\/p>\n<p>&nbsp;<\/p>\n<h1>Exposici\u00f3n gr\u00e1fica: \u00abLa juventud trans es&#8230;\u00bb<\/h1>\n<p>El proyecto \u00abLa Juventud Trans Es&#8230;\u00bb, es una iniciativa de la Federaci\u00f3n Plataforma Trans, a trav\u00e9s de la cual se pretende naturalizar las identidades de la juventud trans. Este proyecto consta de quince im\u00e1genes de j\u00f3venes trans y un v\u00eddeo promocional, con el objetivo principal de fomentar la visibilidad de la juventud trans, a trav\u00e9s de diferentes plataformas, para llegar a la mayor audiencia posible y generar un impacto trans positivo en la sociedad.<\/p>\n<p>La finalidad del proyecto es que las personas lo visualicen y reflexionen sobre la riqueza de la diversidad humana, as\u00ed como fomentar el respeto hacia las identidades trans, promoviendo la empat\u00eda. Del mismo modo, este proyecto es una herramienta de visibilizaci\u00f3n y \u00e1nimo a aquellas personas j\u00f3venes trans que no se les permiten vivir su identidad real, siendo sometidas a vivir con una identidad sexual con la cual no se identifica, debido a los prejuicios de la sociedad.<\/p>\n<p><img loading=\"lazy\" decoding=\"async\" class=\"alignnone size-medium wp-image-2251\" src=\"http:\/\/plataformatrans.es\/wp-content\/uploads\/2025\/04\/WhatsApp-Image-2025-04-03-at-18.52.04-188x300.jpeg\" alt=\"\" width=\"188\" height=\"300\" srcset=\"https:\/\/plataformatrans.es\/wp-content\/uploads\/2025\/04\/WhatsApp-Image-2025-04-03-at-18.52.04-188x300.jpeg 188w, https:\/\/plataformatrans.es\/wp-content\/uploads\/2025\/04\/WhatsApp-Image-2025-04-03-at-18.52.04-640x1024.jpeg 640w, https:\/\/plataformatrans.es\/wp-content\/uploads\/2025\/04\/WhatsApp-Image-2025-04-03-at-18.52.04-768x1229.jpeg 768w, https:\/\/plataformatrans.es\/wp-content\/uploads\/2025\/04\/WhatsApp-Image-2025-04-03-at-18.52.04-960x1536.jpeg 960w, https:\/\/plataformatrans.es\/wp-content\/uploads\/2025\/04\/WhatsApp-Image-2025-04-03-at-18.52.04.jpeg 1000w\" sizes=\"auto, (max-width: 188px) 100vw, 188px\" \/> <img loading=\"lazy\" decoding=\"async\" class=\"alignnone size-medium wp-image-2252\" src=\"http:\/\/plataformatrans.es\/wp-content\/uploads\/2025\/04\/WhatsApp-Image-2025-04-03-at-18.52.03-1-188x300.jpeg\" alt=\"\" width=\"188\" height=\"300\" srcset=\"https:\/\/plataformatrans.es\/wp-content\/uploads\/2025\/04\/WhatsApp-Image-2025-04-03-at-18.52.03-1-188x300.jpeg 188w, https:\/\/plataformatrans.es\/wp-content\/uploads\/2025\/04\/WhatsApp-Image-2025-04-03-at-18.52.03-1-640x1024.jpeg 640w, https:\/\/plataformatrans.es\/wp-content\/uploads\/2025\/04\/WhatsApp-Image-2025-04-03-at-18.52.03-1-768x1229.jpeg 768w, https:\/\/plataformatrans.es\/wp-content\/uploads\/2025\/04\/WhatsApp-Image-2025-04-03-at-18.52.03-1-960x1536.jpeg 960w, https:\/\/plataformatrans.es\/wp-content\/uploads\/2025\/04\/WhatsApp-Image-2025-04-03-at-18.52.03-1.jpeg 1000w\" sizes=\"auto, (max-width: 188px) 100vw, 188px\" \/> <img loading=\"lazy\" decoding=\"async\" class=\"alignnone size-medium wp-image-2253\" src=\"http:\/\/plataformatrans.es\/wp-content\/uploads\/2025\/04\/WhatsApp-Image-2025-04-03-at-18.52.03-188x300.jpeg\" alt=\"\" width=\"188\" height=\"300\" srcset=\"https:\/\/plataformatrans.es\/wp-content\/uploads\/2025\/04\/WhatsApp-Image-2025-04-03-at-18.52.03-188x300.jpeg 188w, https:\/\/plataformatrans.es\/wp-content\/uploads\/2025\/04\/WhatsApp-Image-2025-04-03-at-18.52.03-640x1024.jpeg 640w, https:\/\/plataformatrans.es\/wp-content\/uploads\/2025\/04\/WhatsApp-Image-2025-04-03-at-18.52.03-768x1229.jpeg 768w, https:\/\/plataformatrans.es\/wp-content\/uploads\/2025\/04\/WhatsApp-Image-2025-04-03-at-18.52.03-960x1536.jpeg 960w, https:\/\/plataformatrans.es\/wp-content\/uploads\/2025\/04\/WhatsApp-Image-2025-04-03-at-18.52.03.jpeg 1000w\" sizes=\"auto, (max-width: 188px) 100vw, 188px\" \/><\/p>\n<h1 style=\"text-align: center;\">Una mirada Transpositiva<\/h1>\n<p><iframe loading=\"lazy\" title=\"SPOT &quot;DESDE UNA MIRADA TRANS - POSITIVA&quot; - FEDERACI\u00d3N PLATAFORMA TRANS\" width=\"891\" height=\"501\" src=\"https:\/\/www.youtube.com\/embed\/Lp7PhPUSOnM?feature=oembed\" frameborder=\"0\" allow=\"accelerometer; autoplay; clipboard-write; encrypted-media; gyroscope; picture-in-picture; web-share\" referrerpolicy=\"strict-origin-when-cross-origin\" allowfullscreen><\/iframe><\/p>\n<p>&nbsp;<\/p>\n","protected":false},"excerpt":{"rendered":"<p>Obras art\u00edsticas y culturales &#8211; Plataforma Trans &nbsp; En la Federaci\u00f3n Plataforma Trans, a trav\u00e9s de exposiciones art\u00edsticas y otros eventos culturales trabajamos para la visibilizaci\u00f3n del colectivo trans, as\u00ed como para la concienciaci\u00f3n sobre los Derechos Trans, que son Derechos Humanos. Aqu\u00ed iremos a\u00f1adiendo nuestras exposiciones y otras obras art\u00edsticas y culturales: &nbsp; Exposici\u00f3n [&hellip;]<\/p>\n","protected":false},"author":1,"featured_media":0,"parent":0,"menu_order":0,"comment_status":"closed","ping_status":"closed","template":"","meta":{"footnotes":""},"class_list":["post-373","page","type-page","status-publish","hentry"],"brizy_media":[],"_links":{"self":[{"href":"https:\/\/plataformatrans.es\/index.php\/wp-json\/wp\/v2\/pages\/373","targetHints":{"allow":["GET"]}}],"collection":[{"href":"https:\/\/plataformatrans.es\/index.php\/wp-json\/wp\/v2\/pages"}],"about":[{"href":"https:\/\/plataformatrans.es\/index.php\/wp-json\/wp\/v2\/types\/page"}],"author":[{"embeddable":true,"href":"https:\/\/plataformatrans.es\/index.php\/wp-json\/wp\/v2\/users\/1"}],"replies":[{"embeddable":true,"href":"https:\/\/plataformatrans.es\/index.php\/wp-json\/wp\/v2\/comments?post=373"}],"version-history":[{"count":9,"href":"https:\/\/plataformatrans.es\/index.php\/wp-json\/wp\/v2\/pages\/373\/revisions"}],"predecessor-version":[{"id":2734,"href":"https:\/\/plataformatrans.es\/index.php\/wp-json\/wp\/v2\/pages\/373\/revisions\/2734"}],"wp:attachment":[{"href":"https:\/\/plataformatrans.es\/index.php\/wp-json\/wp\/v2\/media?parent=373"}],"curies":[{"name":"wp","href":"https:\/\/api.w.org\/{rel}","templated":true}]}}