{"id":29,"date":"2023-04-30T20:16:27","date_gmt":"2023-04-30T20:16:27","guid":{"rendered":"http:\/\/plataformatrans.es\/?page_id=29"},"modified":"2026-03-18T13:19:40","modified_gmt":"2026-03-18T11:19:40","slug":"quienes-somos","status":"publish","type":"page","link":"https:\/\/plataformatrans.es\/index.php\/index\/quienes-somos\/","title":{"rendered":"\u00bfQui\u00e9nes somos?"},"content":{"rendered":"<h1 style=\"text-align: center;\">\u00bfQui\u00e9nes somos?<\/h1>\n<p>La Federaci\u00f3n Plataforma por los Derechos Trans se crea en 2015 con el objetivo de aunar a los colectivos y entidades espec\u00edficamente trans y de luchar por una nueva ley trans que reconozca la autodeterminaci\u00f3n de g\u00e9nero y despatologice las identidades trans.<\/p>\n<p><img loading=\"lazy\" decoding=\"async\" class=\"alignnone size-full wp-image-236\" src=\"http:\/\/plataformatrans.es\/wp-content\/uploads\/2023\/04\/Registro-Ley-Trans-febrero-2018-1024x681-2.jpg\" alt=\"\" width=\"1024\" height=\"681\" srcset=\"https:\/\/plataformatrans.es\/wp-content\/uploads\/2023\/04\/Registro-Ley-Trans-febrero-2018-1024x681-2.jpg 1024w, https:\/\/plataformatrans.es\/wp-content\/uploads\/2023\/04\/Registro-Ley-Trans-febrero-2018-1024x681-2-300x200.jpg 300w, https:\/\/plataformatrans.es\/wp-content\/uploads\/2023\/04\/Registro-Ley-Trans-febrero-2018-1024x681-2-768x511.jpg 768w, https:\/\/plataformatrans.es\/wp-content\/uploads\/2023\/04\/Registro-Ley-Trans-febrero-2018-1024x681-2-450x300.jpg 450w, https:\/\/plataformatrans.es\/wp-content\/uploads\/2023\/04\/Registro-Ley-Trans-febrero-2018-1024x681-2-90x60.jpg 90w\" sizes=\"auto, (max-width: 1024px) 100vw, 1024px\" \/><\/p>\n\n\n<p><p><img loading=\"lazy\" decoding=\"async\" class=\"alignnone size-full wp-image-233\" src=\"http:\/\/plataformatrans.es\/wp-content\/uploads\/2023\/04\/20190426_120117-2.jpg\" alt=\"\" width=\"1023\" height=\"684\" srcset=\"https:\/\/plataformatrans.es\/wp-content\/uploads\/2023\/04\/20190426_120117-2.jpg 1023w, https:\/\/plataformatrans.es\/wp-content\/uploads\/2023\/04\/20190426_120117-2-300x201.jpg 300w, https:\/\/plataformatrans.es\/wp-content\/uploads\/2023\/04\/20190426_120117-2-768x514.jpg 768w, https:\/\/plataformatrans.es\/wp-content\/uploads\/2023\/04\/20190426_120117-2-450x300.jpg 450w, https:\/\/plataformatrans.es\/wp-content\/uploads\/2023\/04\/20190426_120117-2-90x60.jpg 90w\" sizes=\"auto, (max-width: 1023px) 100vw, 1023px\" \/><\/p>\n<p><img loading=\"lazy\" decoding=\"async\" class=\"alignnone size-large wp-image-239\" src=\"http:\/\/plataformatrans.es\/wp-content\/uploads\/2023\/05\/abc-trans-1024x576.jpeg\" alt=\"\" width=\"1020\" height=\"574\" srcset=\"https:\/\/plataformatrans.es\/wp-content\/uploads\/2023\/05\/abc-trans-1024x576.jpeg 1024w, https:\/\/plataformatrans.es\/wp-content\/uploads\/2023\/05\/abc-trans-300x169.jpeg 300w, https:\/\/plataformatrans.es\/wp-content\/uploads\/2023\/05\/abc-trans-768x432.jpeg 768w, https:\/\/plataformatrans.es\/wp-content\/uploads\/2023\/05\/abc-trans-1536x864.jpeg 1536w, https:\/\/plataformatrans.es\/wp-content\/uploads\/2023\/05\/abc-trans-107x60.jpeg 107w, https:\/\/plataformatrans.es\/wp-content\/uploads\/2023\/05\/abc-trans.jpeg 1800w\" sizes=\"auto, (max-width: 1020px) 100vw, 1020px\" \/><\/p><\/p>\n\n\n\n<p><p>Es la primera y \u00fanica Federaci\u00f3n estatal de asociaciones trans en el Estado espa\u00f1ol.Actualmente agrupa 11 entidades trans de la mayor parte del Estado espa\u00f1ol, siendo una voz legitimada por el colectivo trans.<br><br><img loading=\"lazy\" decoding=\"async\" width=\"1020\" height=\"574\" class=\"alignnone size-large wp-image-316\" src=\"http:\/\/plataformatrans.es\/wp-content\/uploads\/2023\/05\/d5d259bd-032c-45fd-99a2-bbe0b381cf5b_16-9-discover-aspect-ratio_default_0-1024x576.jpg\" alt=\"\" srcset=\"https:\/\/plataformatrans.es\/wp-content\/uploads\/2023\/05\/d5d259bd-032c-45fd-99a2-bbe0b381cf5b_16-9-discover-aspect-ratio_default_0-1024x576.jpg 1024w, https:\/\/plataformatrans.es\/wp-content\/uploads\/2023\/05\/d5d259bd-032c-45fd-99a2-bbe0b381cf5b_16-9-discover-aspect-ratio_default_0-300x169.jpg 300w, https:\/\/plataformatrans.es\/wp-content\/uploads\/2023\/05\/d5d259bd-032c-45fd-99a2-bbe0b381cf5b_16-9-discover-aspect-ratio_default_0-768x432.jpg 768w, https:\/\/plataformatrans.es\/wp-content\/uploads\/2023\/05\/d5d259bd-032c-45fd-99a2-bbe0b381cf5b_16-9-discover-aspect-ratio_default_0-107x60.jpg 107w, https:\/\/plataformatrans.es\/wp-content\/uploads\/2023\/05\/d5d259bd-032c-45fd-99a2-bbe0b381cf5b_16-9-discover-aspect-ratio_default_0.jpg 1200w\" sizes=\"auto, (max-width: 1020px) 100vw, 1020px\" \/><\/p><br><p>\u00a0Su presidenta es Mar Cambroll\u00e9 Jurado. Ha sido una de las principales participes de la Ley para la igualdad real y efectiva de las personas trans y para la garant\u00eda de los derechos de las personas LGTBI.<\/p><br><p><img loading=\"lazy\" decoding=\"async\" width=\"1020\" height=\"574\" class=\"alignnone size-large wp-image-237\" src=\"http:\/\/plataformatrans.es\/wp-content\/uploads\/2023\/05\/FnWzPJ_CI7z42WQ2-1024x576.jpg\" alt=\"\" srcset=\"https:\/\/plataformatrans.es\/wp-content\/uploads\/2023\/05\/FnWzPJ_CI7z42WQ2-1024x576.jpg 1024w, https:\/\/plataformatrans.es\/wp-content\/uploads\/2023\/05\/FnWzPJ_CI7z42WQ2-300x169.jpg 300w, https:\/\/plataformatrans.es\/wp-content\/uploads\/2023\/05\/FnWzPJ_CI7z42WQ2-768x432.jpg 768w, https:\/\/plataformatrans.es\/wp-content\/uploads\/2023\/05\/FnWzPJ_CI7z42WQ2-107x60.jpg 107w, https:\/\/plataformatrans.es\/wp-content\/uploads\/2023\/05\/FnWzPJ_CI7z42WQ2.jpg 1280w\" sizes=\"auto, (max-width: 1020px) 100vw, 1020px\" \/><\/p><br><strong>Pol\u00edtica de Calidad &#8211; ISO 9001<\/strong><\/p>\n\n\n\n<div data-wp-interactive=\"core\/file\" class=\"wp-block-file\"><object data-wp-bind--hidden=\"!state.hasPdfPreview\" hidden class=\"wp-block-file__embed\" data=\"https:\/\/plataformatrans.es\/wp-content\/uploads\/2026\/03\/Politica-de-Calidad-ISO-9001.pdf\" type=\"application\/pdf\" style=\"width:100%;height:600px\" aria-label=\"Incrustado de Pol\u00edtica de Calidad ISO 9001.\"><\/object><a id=\"wp-block-file--media-61064ff0-5ece-4df5-a371-b7e04adfedce\" href=\"https:\/\/plataformatrans.es\/wp-content\/uploads\/2026\/03\/Politica-de-Calidad-ISO-9001.pdf\">Pol\u00edtica de Calidad ISO 9001<\/a><a href=\"https:\/\/plataformatrans.es\/wp-content\/uploads\/2026\/03\/Politica-de-Calidad-ISO-9001.pdf\" class=\"wp-block-file__button wp-element-button\" download aria-describedby=\"wp-block-file--media-61064ff0-5ece-4df5-a371-b7e04adfedce\">Descarga<\/a><\/div>\n\n\n\n<p><\/p>\n","protected":false},"excerpt":{"rendered":"<p>\u00bfQui\u00e9nes somos? La Federaci\u00f3n Plataforma por los Derechos Trans se crea en 2015 con el objetivo de aunar a los colectivos y entidades espec\u00edficamente trans y de luchar por una nueva ley trans que reconozca la autodeterminaci\u00f3n de g\u00e9nero y despatologice las identidades trans. Es la primera y \u00fanica Federaci\u00f3n estatal de asociaciones trans en [&hellip;]<\/p>\n","protected":false},"author":1,"featured_media":0,"parent":42,"menu_order":0,"comment_status":"closed","ping_status":"closed","template":"","meta":{"footnotes":""},"class_list":["post-29","page","type-page","status-publish","hentry"],"brizy_media":[],"_links":{"self":[{"href":"https:\/\/plataformatrans.es\/index.php\/wp-json\/wp\/v2\/pages\/29","targetHints":{"allow":["GET"]}}],"collection":[{"href":"https:\/\/plataformatrans.es\/index.php\/wp-json\/wp\/v2\/pages"}],"about":[{"href":"https:\/\/plataformatrans.es\/index.php\/wp-json\/wp\/v2\/types\/page"}],"author":[{"embeddable":true,"href":"https:\/\/plataformatrans.es\/index.php\/wp-json\/wp\/v2\/users\/1"}],"replies":[{"embeddable":true,"href":"https:\/\/plataformatrans.es\/index.php\/wp-json\/wp\/v2\/comments?post=29"}],"version-history":[{"count":12,"href":"https:\/\/plataformatrans.es\/index.php\/wp-json\/wp\/v2\/pages\/29\/revisions"}],"predecessor-version":[{"id":2923,"href":"https:\/\/plataformatrans.es\/index.php\/wp-json\/wp\/v2\/pages\/29\/revisions\/2923"}],"up":[{"embeddable":true,"href":"https:\/\/plataformatrans.es\/index.php\/wp-json\/wp\/v2\/pages\/42"}],"wp:attachment":[{"href":"https:\/\/plataformatrans.es\/index.php\/wp-json\/wp\/v2\/media?parent=29"}],"curies":[{"name":"wp","href":"https:\/\/api.w.org\/{rel}","templated":true}]}}