{"id":186,"date":"2023-04-30T22:26:31","date_gmt":"2023-04-30T22:26:31","guid":{"rendered":"http:\/\/plataformatrans.es\/?page_id=186"},"modified":"2023-08-17T09:45:50","modified_gmt":"2023-08-17T07:45:50","slug":"estatal","status":"publish","type":"page","link":"https:\/\/plataformatrans.es\/index.php\/estatal\/","title":{"rendered":"Estatal"},"content":{"rendered":"<h1 style=\"text-align: center;\">Estatal<\/h1>\n<p><img loading=\"lazy\" decoding=\"async\" class=\"wp-image-584 aligncenter\" src=\"http:\/\/plataformatrans.es\/wp-content\/uploads\/2023\/05\/estatal-leyes.png\" alt=\"\" width=\"319\" height=\"319\" srcset=\"https:\/\/plataformatrans.es\/wp-content\/uploads\/2023\/05\/estatal-leyes.png 512w, https:\/\/plataformatrans.es\/wp-content\/uploads\/2023\/05\/estatal-leyes-300x300.png 300w, https:\/\/plataformatrans.es\/wp-content\/uploads\/2023\/05\/estatal-leyes-150x150.png 150w\" sizes=\"auto, (max-width: 319px) 100vw, 319px\" \/><\/p>\n<p><strong>LEYES ESTATALES<\/strong><\/p>\n<p>Ley 4\/2023, de 28 de febrero, para la igualdad real y efectiva de las personas trans y para la garant\u00eda de los derechos de las personas LGTBI<\/p>\n<iframe loading=\"lazy\" class=\"pdfjs-viewer\" width=\"800px\" height=\"400px\" src=\"https:\/\/plataformatrans.es\/wp-content\/plugins\/pdf-viewer\/stable\/web\/viewer.html?file=https:\/\/plataformatrans.es\/wp-content\/uploads\/2023\/04\/Ley-Trans-LGTBI.pdf\"><\/iframe> \n<p>&nbsp;<\/p>\n<p>Instrucci\u00f3n de 23 de octubre de 2018, de la Direcci\u00f3n General de los Registros y del Notariado, sobre cambio de nombre en el Registro Civil de personas transexuales<\/p>\n<iframe loading=\"lazy\" class=\"pdfjs-viewer\" width=\"800px\" height=\"400px\" src=\"https:\/\/plataformatrans.es\/wp-content\/plugins\/pdf-viewer\/stable\/web\/viewer.html?file=https:\/\/plataformatrans.es\/wp-content\/uploads\/2023\/05\/estatal-registro-civil-personas-trans.pdf\"><\/iframe> \n<p>&nbsp;<\/p>\n<p>Instrucci\u00f3n 7\/2006 de la Direcci\u00f3n General de instituciones penitenciarias (TGP) sobre integraci\u00f3n penitenciaria de personas transexuales<\/p>\n<iframe loading=\"lazy\" class=\"pdfjs-viewer\" width=\"800px\" height=\"400px\" src=\"https:\/\/plataformatrans.es\/wp-content\/plugins\/pdf-viewer\/stable\/web\/viewer.html?file=https:\/\/plataformatrans.es\/wp-content\/uploads\/2023\/05\/Estatal-07_2006_Instituciones-Penitenciarias-derechos-transexuales.pdf\"><\/iframe> \n<p>&nbsp;<\/p>\n","protected":false},"excerpt":{"rendered":"<p>Estatal LEYES ESTATALES Ley 4\/2023, de 28 de febrero, para la igualdad real y efectiva de las personas trans y para la garant\u00eda de los derechos de las personas LGTBI &nbsp; Instrucci\u00f3n de 23 de octubre de 2018, de la Direcci\u00f3n General de los Registros y del Notariado, sobre cambio de nombre en el Registro [&hellip;]<\/p>\n","protected":false},"author":1,"featured_media":0,"parent":0,"menu_order":0,"comment_status":"closed","ping_status":"closed","template":"","meta":{"footnotes":""},"class_list":["post-186","page","type-page","status-publish","hentry"],"brizy_media":[],"_links":{"self":[{"href":"https:\/\/plataformatrans.es\/index.php\/wp-json\/wp\/v2\/pages\/186","targetHints":{"allow":["GET"]}}],"collection":[{"href":"https:\/\/plataformatrans.es\/index.php\/wp-json\/wp\/v2\/pages"}],"about":[{"href":"https:\/\/plataformatrans.es\/index.php\/wp-json\/wp\/v2\/types\/page"}],"author":[{"embeddable":true,"href":"https:\/\/plataformatrans.es\/index.php\/wp-json\/wp\/v2\/users\/1"}],"replies":[{"embeddable":true,"href":"https:\/\/plataformatrans.es\/index.php\/wp-json\/wp\/v2\/comments?post=186"}],"version-history":[{"count":14,"href":"https:\/\/plataformatrans.es\/index.php\/wp-json\/wp\/v2\/pages\/186\/revisions"}],"predecessor-version":[{"id":864,"href":"https:\/\/plataformatrans.es\/index.php\/wp-json\/wp\/v2\/pages\/186\/revisions\/864"}],"wp:attachment":[{"href":"https:\/\/plataformatrans.es\/index.php\/wp-json\/wp\/v2\/media?parent=186"}],"curies":[{"name":"wp","href":"https:\/\/api.w.org\/{rel}","templated":true}]}}